{"id":6337,"date":"2019-11-30T09:43:30","date_gmt":"2019-11-30T09:43:30","guid":{"rendered":"https:\/\/secura.se\/brandsakert-skap-hemma\/"},"modified":"2019-11-30T09:43:30","modified_gmt":"2019-11-30T09:43:30","slug":"brandsakert-skap-hemma","status":"publish","type":"page","link":"https:\/\/secura.se\/en\/brandsakert-skap-hemma\/","title":{"rendered":"Brands\u00e4kert sk\u00e5p hemma"},"content":{"rendered":"","protected":false},"excerpt":{"rendered":"","protected":false},"author":1,"featured_media":0,"parent":0,"menu_order":0,"comment_status":"closed","ping_status":"closed","template":"","meta":{"_acf_changed":false,"footnotes":""},"class_list":["post-6337","page","type-page","status-publish","hentry"],"acf":[],"yoast_head":"<!-- This site is optimized with the Yoast SEO plugin v25.3 - https:\/\/yoast.com\/wordpress\/plugins\/seo\/ -->\n<title>Brands\u00e4kert sk\u00e5p hemma | Secura<\/title>\n<meta name=\"description\" content=\"\u00c4r du ute efter ett brands\u00e4kert sk\u00e5p f\u00f6r att f\u00f6rvara dokument hemma? Secura erbjuder flera brands\u00e4kra sk\u00e5p som passar lika bra i hemmet som p\u00e5 kontoret.\" \/>\n<meta name=\"robots\" content=\"index, follow, max-snippet:-1, max-image-preview:large, max-video-preview:-1\" \/>\n<link rel=\"canonical\" href=\"https:\/\/secura.se\/brandsakert-skap-hemma\/\" \/>\n<meta property=\"og:locale\" content=\"en_US\" \/>\n<meta property=\"og:type\" content=\"article\" \/>\n<meta property=\"og:title\" content=\"Brands\u00e4kert sk\u00e5p hemma | Secura\" \/>\n<meta property=\"og:description\" content=\"\u00c4r du ute efter ett brands\u00e4kert sk\u00e5p f\u00f6r att f\u00f6rvara dokument hemma? Secura erbjuder flera brands\u00e4kra sk\u00e5p som passar lika bra i hemmet som p\u00e5 kontoret.\" \/>\n<meta property=\"og:url\" content=\"https:\/\/secura.se\/brandsakert-skap-hemma\/\" \/>\n<meta property=\"og:site_name\" content=\"Secura\" \/>\n<meta property=\"og:image\" content=\"https:\/\/secura.se\/wp-content\/uploads\/2024\/02\/share-image-secura.png\" \/>\n\t<meta property=\"og:image:width\" content=\"1200\" \/>\n\t<meta property=\"og:image:height\" content=\"630\" \/>\n\t<meta property=\"og:image:type\" content=\"image\/png\" \/>\n<meta name=\"twitter:card\" content=\"summary_large_image\" \/>\n<script type=\"application\/ld+json\" class=\"yoast-schema-graph\">{\"@context\":\"https:\/\/schema.org\",\"@graph\":[{\"@type\":\"WebPage\",\"@id\":\"https:\/\/secura.se\/brandsakert-skap-hemma\/\",\"url\":\"https:\/\/secura.se\/brandsakert-skap-hemma\/\",\"name\":\"Brands\u00e4kert sk\u00e5p hemma | Secura\",\"isPartOf\":{\"@id\":\"https:\/\/secura.se\/#website\"},\"datePublished\":\"2019-11-30T09:43:30+00:00\",\"description\":\"\u00c4r du ute efter ett brands\u00e4kert sk\u00e5p f\u00f6r att f\u00f6rvara dokument hemma? Secura erbjuder flera brands\u00e4kra sk\u00e5p som passar lika bra i hemmet som p\u00e5 kontoret.\",\"breadcrumb\":{\"@id\":\"https:\/\/secura.se\/brandsakert-skap-hemma\/#breadcrumb\"},\"inLanguage\":\"en-US\",\"potentialAction\":[{\"@type\":\"ReadAction\",\"target\":[\"https:\/\/secura.se\/brandsakert-skap-hemma\/\"]}]},{\"@type\":\"BreadcrumbList\",\"@id\":\"https:\/\/secura.se\/brandsakert-skap-hemma\/#breadcrumb\",\"itemListElement\":[{\"@type\":\"ListItem\",\"position\":1,\"name\":\"Hem\",\"item\":\"https:\/\/secura.se\/en\/\"},{\"@type\":\"ListItem\",\"position\":2,\"name\":\"Brands\u00e4kert sk\u00e5p hemma\"}]},{\"@type\":\"WebSite\",\"@id\":\"https:\/\/secura.se\/#website\",\"url\":\"https:\/\/secura.se\/\",\"name\":\"Secura\",\"description\":\"Vi tillverkar och s\u00e4ljer klassade kassask\u00e5p som \u00f6kar s\u00e4kerheten p\u00e5 arbetsplatser, i hem och i butik.\",\"potentialAction\":[{\"@type\":\"SearchAction\",\"target\":{\"@type\":\"EntryPoint\",\"urlTemplate\":\"https:\/\/secura.se\/?s={search_term_string}\"},\"query-input\":{\"@type\":\"PropertyValueSpecification\",\"valueRequired\":true,\"valueName\":\"search_term_string\"}}],\"inLanguage\":\"en-US\"}]}<\/script>\n<!-- \/ Yoast SEO plugin. -->","yoast_head_json":{"title":"Brands\u00e4kert sk\u00e5p hemma | Secura","description":"\u00c4r du ute efter ett brands\u00e4kert sk\u00e5p f\u00f6r att f\u00f6rvara dokument hemma? Secura erbjuder flera brands\u00e4kra sk\u00e5p som passar lika bra i hemmet som p\u00e5 kontoret.","robots":{"index":"index","follow":"follow","max-snippet":"max-snippet:-1","max-image-preview":"max-image-preview:large","max-video-preview":"max-video-preview:-1"},"canonical":"https:\/\/secura.se\/brandsakert-skap-hemma\/","og_locale":"en_US","og_type":"article","og_title":"Brands\u00e4kert sk\u00e5p hemma | Secura","og_description":"\u00c4r du ute efter ett brands\u00e4kert sk\u00e5p f\u00f6r att f\u00f6rvara dokument hemma? Secura erbjuder flera brands\u00e4kra sk\u00e5p som passar lika bra i hemmet som p\u00e5 kontoret.","og_url":"https:\/\/secura.se\/brandsakert-skap-hemma\/","og_site_name":"Secura","og_image":[{"width":1200,"height":630,"url":"https:\/\/secura.se\/wp-content\/uploads\/2024\/02\/share-image-secura.png","type":"image\/png"}],"twitter_card":"summary_large_image","schema":{"@context":"https:\/\/schema.org","@graph":[{"@type":"WebPage","@id":"https:\/\/secura.se\/brandsakert-skap-hemma\/","url":"https:\/\/secura.se\/brandsakert-skap-hemma\/","name":"Brands\u00e4kert sk\u00e5p hemma | Secura","isPartOf":{"@id":"https:\/\/secura.se\/#website"},"datePublished":"2019-11-30T09:43:30+00:00","description":"\u00c4r du ute efter ett brands\u00e4kert sk\u00e5p f\u00f6r att f\u00f6rvara dokument hemma? Secura erbjuder flera brands\u00e4kra sk\u00e5p som passar lika bra i hemmet som p\u00e5 kontoret.","breadcrumb":{"@id":"https:\/\/secura.se\/brandsakert-skap-hemma\/#breadcrumb"},"inLanguage":"en-US","potentialAction":[{"@type":"ReadAction","target":["https:\/\/secura.se\/brandsakert-skap-hemma\/"]}]},{"@type":"BreadcrumbList","@id":"https:\/\/secura.se\/brandsakert-skap-hemma\/#breadcrumb","itemListElement":[{"@type":"ListItem","position":1,"name":"Hem","item":"https:\/\/secura.se\/en\/"},{"@type":"ListItem","position":2,"name":"Brands\u00e4kert sk\u00e5p hemma"}]},{"@type":"WebSite","@id":"https:\/\/secura.se\/#website","url":"https:\/\/secura.se\/","name":"Secura","description":"Vi tillverkar och s\u00e4ljer klassade kassask\u00e5p som \u00f6kar s\u00e4kerheten p\u00e5 arbetsplatser, i hem och i butik.","potentialAction":[{"@type":"SearchAction","target":{"@type":"EntryPoint","urlTemplate":"https:\/\/secura.se\/?s={search_term_string}"},"query-input":{"@type":"PropertyValueSpecification","valueRequired":true,"valueName":"search_term_string"}}],"inLanguage":"en-US"}]}},"_links":{"self":[{"href":"https:\/\/secura.se\/en\/wp-json\/wp\/v2\/pages\/6337","targetHints":{"allow":["GET"]}}],"collection":[{"href":"https:\/\/secura.se\/en\/wp-json\/wp\/v2\/pages"}],"about":[{"href":"https:\/\/secura.se\/en\/wp-json\/wp\/v2\/types\/page"}],"author":[{"embeddable":true,"href":"https:\/\/secura.se\/en\/wp-json\/wp\/v2\/users\/1"}],"replies":[{"embeddable":true,"href":"https:\/\/secura.se\/en\/wp-json\/wp\/v2\/comments?post=6337"}],"version-history":[{"count":0,"href":"https:\/\/secura.se\/en\/wp-json\/wp\/v2\/pages\/6337\/revisions"}],"wp:attachment":[{"href":"https:\/\/secura.se\/en\/wp-json\/wp\/v2\/media?parent=6337"}],"curies":[{"name":"wp","href":"https:\/\/api.w.org\/{rel}","templated":true}]}}