{"id":6339,"date":"2020-08-04T13:59:15","date_gmt":"2020-08-04T13:59:15","guid":{"rendered":"https:\/\/secura.se\/brandskap-for-brandfarliga-vatskor\/"},"modified":"2020-08-04T13:59:15","modified_gmt":"2020-08-04T13:59:15","slug":"brandskap-for-brandfarliga-vatskor","status":"publish","type":"page","link":"https:\/\/secura.se\/en\/brandskap-for-brandfarliga-vatskor\/","title":{"rendered":"Brandsk\u00e5p f\u00f6r brandfarliga v\u00e4tskor"},"content":{"rendered":"","protected":false},"excerpt":{"rendered":"","protected":false},"author":1,"featured_media":0,"parent":0,"menu_order":0,"comment_status":"closed","ping_status":"closed","template":"","meta":{"_acf_changed":false,"footnotes":""},"class_list":["post-6339","page","type-page","status-publish","hentry"],"acf":[],"yoast_head":"<!-- This site is optimized with the Yoast SEO plugin v25.3 - https:\/\/yoast.com\/wordpress\/plugins\/seo\/ -->\n<title>Brandsk\u00e5p f\u00f6r brandfarliga v\u00e4tskor | Secura<\/title>\n<meta name=\"description\" content=\"Brandsk\u00e5p f\u00f6r f\u00f6rvaring av brandfarliga v\u00e4tskor finns i flera olika utf\u00f6randen, beroende p\u00e5 vilken typ av v\u00e4tska som ska f\u00f6rvaras och var.\" \/>\n<meta name=\"robots\" content=\"index, follow, max-snippet:-1, max-image-preview:large, max-video-preview:-1\" \/>\n<link rel=\"canonical\" href=\"https:\/\/secura.se\/brandskap-for-brandfarliga-vatskor\/\" \/>\n<meta property=\"og:locale\" content=\"en_US\" \/>\n<meta property=\"og:type\" content=\"article\" \/>\n<meta property=\"og:title\" content=\"Brandsk\u00e5p f\u00f6r brandfarliga v\u00e4tskor | Secura\" \/>\n<meta property=\"og:description\" content=\"Brandsk\u00e5p f\u00f6r f\u00f6rvaring av brandfarliga v\u00e4tskor finns i flera olika utf\u00f6randen, beroende p\u00e5 vilken typ av v\u00e4tska som ska f\u00f6rvaras och var.\" \/>\n<meta property=\"og:url\" content=\"https:\/\/secura.se\/brandskap-for-brandfarliga-vatskor\/\" \/>\n<meta property=\"og:site_name\" content=\"Secura\" \/>\n<meta property=\"og:image\" content=\"https:\/\/secura.se\/wp-content\/uploads\/2024\/02\/share-image-secura.png\" \/>\n\t<meta property=\"og:image:width\" content=\"1200\" \/>\n\t<meta property=\"og:image:height\" content=\"630\" \/>\n\t<meta property=\"og:image:type\" content=\"image\/png\" \/>\n<meta name=\"twitter:card\" content=\"summary_large_image\" \/>\n<script type=\"application\/ld+json\" class=\"yoast-schema-graph\">{\"@context\":\"https:\/\/schema.org\",\"@graph\":[{\"@type\":\"WebPage\",\"@id\":\"https:\/\/secura.se\/brandskap-for-brandfarliga-vatskor\/\",\"url\":\"https:\/\/secura.se\/brandskap-for-brandfarliga-vatskor\/\",\"name\":\"Brandsk\u00e5p f\u00f6r brandfarliga v\u00e4tskor | Secura\",\"isPartOf\":{\"@id\":\"https:\/\/secura.se\/#website\"},\"datePublished\":\"2020-08-04T13:59:15+00:00\",\"description\":\"Brandsk\u00e5p f\u00f6r f\u00f6rvaring av brandfarliga v\u00e4tskor finns i flera olika utf\u00f6randen, beroende p\u00e5 vilken typ av v\u00e4tska som ska f\u00f6rvaras och var.\",\"breadcrumb\":{\"@id\":\"https:\/\/secura.se\/brandskap-for-brandfarliga-vatskor\/#breadcrumb\"},\"inLanguage\":\"en-US\",\"potentialAction\":[{\"@type\":\"ReadAction\",\"target\":[\"https:\/\/secura.se\/brandskap-for-brandfarliga-vatskor\/\"]}]},{\"@type\":\"BreadcrumbList\",\"@id\":\"https:\/\/secura.se\/brandskap-for-brandfarliga-vatskor\/#breadcrumb\",\"itemListElement\":[{\"@type\":\"ListItem\",\"position\":1,\"name\":\"Hem\",\"item\":\"https:\/\/secura.se\/en\/\"},{\"@type\":\"ListItem\",\"position\":2,\"name\":\"Brandsk\u00e5p f\u00f6r brandfarliga v\u00e4tskor\"}]},{\"@type\":\"WebSite\",\"@id\":\"https:\/\/secura.se\/#website\",\"url\":\"https:\/\/secura.se\/\",\"name\":\"Secura\",\"description\":\"Vi tillverkar och s\u00e4ljer klassade kassask\u00e5p som \u00f6kar s\u00e4kerheten p\u00e5 arbetsplatser, i hem och i butik.\",\"potentialAction\":[{\"@type\":\"SearchAction\",\"target\":{\"@type\":\"EntryPoint\",\"urlTemplate\":\"https:\/\/secura.se\/?s={search_term_string}\"},\"query-input\":{\"@type\":\"PropertyValueSpecification\",\"valueRequired\":true,\"valueName\":\"search_term_string\"}}],\"inLanguage\":\"en-US\"}]}<\/script>\n<!-- \/ Yoast SEO plugin. -->","yoast_head_json":{"title":"Brandsk\u00e5p f\u00f6r brandfarliga v\u00e4tskor | Secura","description":"Brandsk\u00e5p f\u00f6r f\u00f6rvaring av brandfarliga v\u00e4tskor finns i flera olika utf\u00f6randen, beroende p\u00e5 vilken typ av v\u00e4tska som ska f\u00f6rvaras och var.","robots":{"index":"index","follow":"follow","max-snippet":"max-snippet:-1","max-image-preview":"max-image-preview:large","max-video-preview":"max-video-preview:-1"},"canonical":"https:\/\/secura.se\/brandskap-for-brandfarliga-vatskor\/","og_locale":"en_US","og_type":"article","og_title":"Brandsk\u00e5p f\u00f6r brandfarliga v\u00e4tskor | Secura","og_description":"Brandsk\u00e5p f\u00f6r f\u00f6rvaring av brandfarliga v\u00e4tskor finns i flera olika utf\u00f6randen, beroende p\u00e5 vilken typ av v\u00e4tska som ska f\u00f6rvaras och var.","og_url":"https:\/\/secura.se\/brandskap-for-brandfarliga-vatskor\/","og_site_name":"Secura","og_image":[{"width":1200,"height":630,"url":"https:\/\/secura.se\/wp-content\/uploads\/2024\/02\/share-image-secura.png","type":"image\/png"}],"twitter_card":"summary_large_image","schema":{"@context":"https:\/\/schema.org","@graph":[{"@type":"WebPage","@id":"https:\/\/secura.se\/brandskap-for-brandfarliga-vatskor\/","url":"https:\/\/secura.se\/brandskap-for-brandfarliga-vatskor\/","name":"Brandsk\u00e5p f\u00f6r brandfarliga v\u00e4tskor | Secura","isPartOf":{"@id":"https:\/\/secura.se\/#website"},"datePublished":"2020-08-04T13:59:15+00:00","description":"Brandsk\u00e5p f\u00f6r f\u00f6rvaring av brandfarliga v\u00e4tskor finns i flera olika utf\u00f6randen, beroende p\u00e5 vilken typ av v\u00e4tska som ska f\u00f6rvaras och var.","breadcrumb":{"@id":"https:\/\/secura.se\/brandskap-for-brandfarliga-vatskor\/#breadcrumb"},"inLanguage":"en-US","potentialAction":[{"@type":"ReadAction","target":["https:\/\/secura.se\/brandskap-for-brandfarliga-vatskor\/"]}]},{"@type":"BreadcrumbList","@id":"https:\/\/secura.se\/brandskap-for-brandfarliga-vatskor\/#breadcrumb","itemListElement":[{"@type":"ListItem","position":1,"name":"Hem","item":"https:\/\/secura.se\/en\/"},{"@type":"ListItem","position":2,"name":"Brandsk\u00e5p f\u00f6r brandfarliga v\u00e4tskor"}]},{"@type":"WebSite","@id":"https:\/\/secura.se\/#website","url":"https:\/\/secura.se\/","name":"Secura","description":"Vi tillverkar och s\u00e4ljer klassade kassask\u00e5p som \u00f6kar s\u00e4kerheten p\u00e5 arbetsplatser, i hem och i butik.","potentialAction":[{"@type":"SearchAction","target":{"@type":"EntryPoint","urlTemplate":"https:\/\/secura.se\/?s={search_term_string}"},"query-input":{"@type":"PropertyValueSpecification","valueRequired":true,"valueName":"search_term_string"}}],"inLanguage":"en-US"}]}},"_links":{"self":[{"href":"https:\/\/secura.se\/en\/wp-json\/wp\/v2\/pages\/6339","targetHints":{"allow":["GET"]}}],"collection":[{"href":"https:\/\/secura.se\/en\/wp-json\/wp\/v2\/pages"}],"about":[{"href":"https:\/\/secura.se\/en\/wp-json\/wp\/v2\/types\/page"}],"author":[{"embeddable":true,"href":"https:\/\/secura.se\/en\/wp-json\/wp\/v2\/users\/1"}],"replies":[{"embeddable":true,"href":"https:\/\/secura.se\/en\/wp-json\/wp\/v2\/comments?post=6339"}],"version-history":[{"count":0,"href":"https:\/\/secura.se\/en\/wp-json\/wp\/v2\/pages\/6339\/revisions"}],"wp:attachment":[{"href":"https:\/\/secura.se\/en\/wp-json\/wp\/v2\/media?parent=6339"}],"curies":[{"name":"wp","href":"https:\/\/api.w.org\/{rel}","templated":true}]}}