{"id":6362,"date":"2018-07-26T09:17:17","date_gmt":"2018-07-26T09:17:17","guid":{"rendered":"https:\/\/secura.se\/kontakt\/"},"modified":"2021-02-01T08:45:56","modified_gmt":"2021-02-01T08:45:56","slug":"kontakt","status":"publish","type":"page","link":"https:\/\/secura.se\/en\/kontakt\/","title":{"rendered":"Kontakt"},"content":{"rendered":"","protected":false},"excerpt":{"rendered":"","protected":false},"author":1,"featured_media":0,"parent":0,"menu_order":0,"comment_status":"closed","ping_status":"closed","template":"","meta":{"_acf_changed":false,"footnotes":""},"class_list":["post-6362","page","type-page","status-publish","hentry"],"acf":[],"yoast_head":"<!-- This site is optimized with the Yoast SEO plugin v25.3 - https:\/\/yoast.com\/wordpress\/plugins\/seo\/ -->\n<title>Kontakt | Secura<\/title>\n<meta name=\"description\" content=\"P\u00e5 Securas kontaktsid kan du hitta v\u00e5ra kontaktuppgifter, ta reda p\u00e5 var vi har kontor och i vilka l\u00e4nder vi \u00e4r verksamma. Skicka oss g\u00e4rna ett meddelande!\" \/>\n<meta name=\"robots\" content=\"index, follow, max-snippet:-1, max-image-preview:large, max-video-preview:-1\" \/>\n<link rel=\"canonical\" href=\"https:\/\/secura.se\/kontakt\/\" \/>\n<meta property=\"og:locale\" content=\"en_US\" \/>\n<meta property=\"og:type\" content=\"article\" \/>\n<meta property=\"og:title\" content=\"Kontakt | Secura\" \/>\n<meta property=\"og:description\" content=\"P\u00e5 Securas kontaktsid kan du hitta v\u00e5ra kontaktuppgifter, ta reda p\u00e5 var vi har kontor och i vilka l\u00e4nder vi \u00e4r verksamma. Skicka oss g\u00e4rna ett meddelande!\" \/>\n<meta property=\"og:url\" content=\"https:\/\/secura.se\/kontakt\/\" \/>\n<meta property=\"og:site_name\" content=\"Secura\" \/>\n<meta property=\"article:modified_time\" content=\"2021-02-01T08:45:56+00:00\" \/>\n<meta property=\"og:image\" content=\"https:\/\/secura.se\/wp-content\/uploads\/2024\/02\/share-image-secura.png\" \/>\n\t<meta property=\"og:image:width\" content=\"1200\" \/>\n\t<meta property=\"og:image:height\" content=\"630\" \/>\n\t<meta property=\"og:image:type\" content=\"image\/png\" \/>\n<meta name=\"twitter:card\" content=\"summary_large_image\" \/>\n<script type=\"application\/ld+json\" class=\"yoast-schema-graph\">{\"@context\":\"https:\/\/schema.org\",\"@graph\":[{\"@type\":\"WebPage\",\"@id\":\"https:\/\/secura.se\/kontakt\/\",\"url\":\"https:\/\/secura.se\/kontakt\/\",\"name\":\"Kontakt | Secura\",\"isPartOf\":{\"@id\":\"https:\/\/secura.se\/#website\"},\"datePublished\":\"2018-07-26T09:17:17+00:00\",\"dateModified\":\"2021-02-01T08:45:56+00:00\",\"description\":\"P\u00e5 Securas kontaktsid kan du hitta v\u00e5ra kontaktuppgifter, ta reda p\u00e5 var vi har kontor och i vilka l\u00e4nder vi \u00e4r verksamma. Skicka oss g\u00e4rna ett meddelande!\",\"breadcrumb\":{\"@id\":\"https:\/\/secura.se\/kontakt\/#breadcrumb\"},\"inLanguage\":\"en-US\",\"potentialAction\":[{\"@type\":\"ReadAction\",\"target\":[\"https:\/\/secura.se\/kontakt\/\"]}]},{\"@type\":\"BreadcrumbList\",\"@id\":\"https:\/\/secura.se\/kontakt\/#breadcrumb\",\"itemListElement\":[{\"@type\":\"ListItem\",\"position\":1,\"name\":\"Hem\",\"item\":\"https:\/\/secura.se\/en\/\"},{\"@type\":\"ListItem\",\"position\":2,\"name\":\"Kontakt\"}]},{\"@type\":\"WebSite\",\"@id\":\"https:\/\/secura.se\/#website\",\"url\":\"https:\/\/secura.se\/\",\"name\":\"Secura\",\"description\":\"Vi tillverkar och s\u00e4ljer klassade kassask\u00e5p som \u00f6kar s\u00e4kerheten p\u00e5 arbetsplatser, i hem och i butik.\",\"potentialAction\":[{\"@type\":\"SearchAction\",\"target\":{\"@type\":\"EntryPoint\",\"urlTemplate\":\"https:\/\/secura.se\/?s={search_term_string}\"},\"query-input\":{\"@type\":\"PropertyValueSpecification\",\"valueRequired\":true,\"valueName\":\"search_term_string\"}}],\"inLanguage\":\"en-US\"}]}<\/script>\n<!-- \/ Yoast SEO plugin. -->","yoast_head_json":{"title":"Kontakt | Secura","description":"P\u00e5 Securas kontaktsid kan du hitta v\u00e5ra kontaktuppgifter, ta reda p\u00e5 var vi har kontor och i vilka l\u00e4nder vi \u00e4r verksamma. Skicka oss g\u00e4rna ett meddelande!","robots":{"index":"index","follow":"follow","max-snippet":"max-snippet:-1","max-image-preview":"max-image-preview:large","max-video-preview":"max-video-preview:-1"},"canonical":"https:\/\/secura.se\/kontakt\/","og_locale":"en_US","og_type":"article","og_title":"Kontakt | Secura","og_description":"P\u00e5 Securas kontaktsid kan du hitta v\u00e5ra kontaktuppgifter, ta reda p\u00e5 var vi har kontor och i vilka l\u00e4nder vi \u00e4r verksamma. Skicka oss g\u00e4rna ett meddelande!","og_url":"https:\/\/secura.se\/kontakt\/","og_site_name":"Secura","article_modified_time":"2021-02-01T08:45:56+00:00","og_image":[{"width":1200,"height":630,"url":"https:\/\/secura.se\/wp-content\/uploads\/2024\/02\/share-image-secura.png","type":"image\/png"}],"twitter_card":"summary_large_image","schema":{"@context":"https:\/\/schema.org","@graph":[{"@type":"WebPage","@id":"https:\/\/secura.se\/kontakt\/","url":"https:\/\/secura.se\/kontakt\/","name":"Kontakt | Secura","isPartOf":{"@id":"https:\/\/secura.se\/#website"},"datePublished":"2018-07-26T09:17:17+00:00","dateModified":"2021-02-01T08:45:56+00:00","description":"P\u00e5 Securas kontaktsid kan du hitta v\u00e5ra kontaktuppgifter, ta reda p\u00e5 var vi har kontor och i vilka l\u00e4nder vi \u00e4r verksamma. Skicka oss g\u00e4rna ett meddelande!","breadcrumb":{"@id":"https:\/\/secura.se\/kontakt\/#breadcrumb"},"inLanguage":"en-US","potentialAction":[{"@type":"ReadAction","target":["https:\/\/secura.se\/kontakt\/"]}]},{"@type":"BreadcrumbList","@id":"https:\/\/secura.se\/kontakt\/#breadcrumb","itemListElement":[{"@type":"ListItem","position":1,"name":"Hem","item":"https:\/\/secura.se\/en\/"},{"@type":"ListItem","position":2,"name":"Kontakt"}]},{"@type":"WebSite","@id":"https:\/\/secura.se\/#website","url":"https:\/\/secura.se\/","name":"Secura","description":"Vi tillverkar och s\u00e4ljer klassade kassask\u00e5p som \u00f6kar s\u00e4kerheten p\u00e5 arbetsplatser, i hem och i butik.","potentialAction":[{"@type":"SearchAction","target":{"@type":"EntryPoint","urlTemplate":"https:\/\/secura.se\/?s={search_term_string}"},"query-input":{"@type":"PropertyValueSpecification","valueRequired":true,"valueName":"search_term_string"}}],"inLanguage":"en-US"}]}},"_links":{"self":[{"href":"https:\/\/secura.se\/en\/wp-json\/wp\/v2\/pages\/6362","targetHints":{"allow":["GET"]}}],"collection":[{"href":"https:\/\/secura.se\/en\/wp-json\/wp\/v2\/pages"}],"about":[{"href":"https:\/\/secura.se\/en\/wp-json\/wp\/v2\/types\/page"}],"author":[{"embeddable":true,"href":"https:\/\/secura.se\/en\/wp-json\/wp\/v2\/users\/1"}],"replies":[{"embeddable":true,"href":"https:\/\/secura.se\/en\/wp-json\/wp\/v2\/comments?post=6362"}],"version-history":[{"count":1,"href":"https:\/\/secura.se\/en\/wp-json\/wp\/v2\/pages\/6362\/revisions"}],"predecessor-version":[{"id":7708,"href":"https:\/\/secura.se\/en\/wp-json\/wp\/v2\/pages\/6362\/revisions\/7708"}],"wp:attachment":[{"href":"https:\/\/secura.se\/en\/wp-json\/wp\/v2\/media?parent=6362"}],"curies":[{"name":"wp","href":"https:\/\/api.w.org\/{rel}","templated":true}]}}