{"id":6370,"date":"2020-03-17T08:13:15","date_gmt":"2020-03-17T08:13:15","guid":{"rendered":"https:\/\/secura.se\/dokumentskap-lasbart\/"},"modified":"2020-03-17T08:13:15","modified_gmt":"2020-03-17T08:13:15","slug":"dokumentskap-lasbart","status":"publish","type":"page","link":"https:\/\/secura.se\/en\/dokumentskap-lasbart\/","title":{"rendered":"L\u00e5sbart dokumentsk\u00e5p"},"content":{"rendered":"","protected":false},"excerpt":{"rendered":"","protected":false},"author":1,"featured_media":0,"parent":0,"menu_order":0,"comment_status":"closed","ping_status":"closed","template":"","meta":{"_acf_changed":false,"footnotes":""},"class_list":["post-6370","page","type-page","status-publish","hentry"],"acf":[],"yoast_head":"<!-- This site is optimized with the Yoast SEO plugin v25.3 - https:\/\/yoast.com\/wordpress\/plugins\/seo\/ -->\n<title>L\u00e5sbart dokumentsk\u00e5p \u2013 B\u00e5de nyckell\u00e5s och kodl\u00e5s | Secura<\/title>\n<meta name=\"description\" content=\"Vilka l\u00e5salternativ finns f\u00f6r dokumentsk\u00e5pen? S\u00e5 h\u00e4r h\u00e5ller vi p\u00e5 Secura dina p\u00e4rmar i s\u00e4kert f\u00f6rvar i v\u00e5ra l\u00e5sbara dokumentsk\u00e5p!\" \/>\n<meta name=\"robots\" content=\"index, follow, max-snippet:-1, max-image-preview:large, max-video-preview:-1\" \/>\n<link rel=\"canonical\" href=\"https:\/\/secura.se\/dokumentskap-lasbart\/\" \/>\n<meta property=\"og:locale\" content=\"en_US\" \/>\n<meta property=\"og:type\" content=\"article\" \/>\n<meta property=\"og:title\" content=\"L\u00e5sbart dokumentsk\u00e5p \u2013 B\u00e5de nyckell\u00e5s och kodl\u00e5s | Secura\" \/>\n<meta property=\"og:description\" content=\"Vilka l\u00e5salternativ finns f\u00f6r dokumentsk\u00e5pen? S\u00e5 h\u00e4r h\u00e5ller vi p\u00e5 Secura dina p\u00e4rmar i s\u00e4kert f\u00f6rvar i v\u00e5ra l\u00e5sbara dokumentsk\u00e5p!\" \/>\n<meta property=\"og:url\" content=\"https:\/\/secura.se\/dokumentskap-lasbart\/\" \/>\n<meta property=\"og:site_name\" content=\"Secura\" \/>\n<meta property=\"og:image\" content=\"https:\/\/secura.se\/wp-content\/uploads\/2024\/02\/share-image-secura.png\" \/>\n\t<meta property=\"og:image:width\" content=\"1200\" \/>\n\t<meta property=\"og:image:height\" content=\"630\" \/>\n\t<meta property=\"og:image:type\" content=\"image\/png\" \/>\n<meta name=\"twitter:card\" content=\"summary_large_image\" \/>\n<script type=\"application\/ld+json\" class=\"yoast-schema-graph\">{\"@context\":\"https:\/\/schema.org\",\"@graph\":[{\"@type\":\"WebPage\",\"@id\":\"https:\/\/secura.se\/dokumentskap-lasbart\/\",\"url\":\"https:\/\/secura.se\/dokumentskap-lasbart\/\",\"name\":\"L\u00e5sbart dokumentsk\u00e5p \u2013 B\u00e5de nyckell\u00e5s och kodl\u00e5s | Secura\",\"isPartOf\":{\"@id\":\"https:\/\/secura.se\/#website\"},\"datePublished\":\"2020-03-17T08:13:15+00:00\",\"description\":\"Vilka l\u00e5salternativ finns f\u00f6r dokumentsk\u00e5pen? S\u00e5 h\u00e4r h\u00e5ller vi p\u00e5 Secura dina p\u00e4rmar i s\u00e4kert f\u00f6rvar i v\u00e5ra l\u00e5sbara dokumentsk\u00e5p!\",\"breadcrumb\":{\"@id\":\"https:\/\/secura.se\/dokumentskap-lasbart\/#breadcrumb\"},\"inLanguage\":\"en-US\",\"potentialAction\":[{\"@type\":\"ReadAction\",\"target\":[\"https:\/\/secura.se\/dokumentskap-lasbart\/\"]}]},{\"@type\":\"BreadcrumbList\",\"@id\":\"https:\/\/secura.se\/dokumentskap-lasbart\/#breadcrumb\",\"itemListElement\":[{\"@type\":\"ListItem\",\"position\":1,\"name\":\"Hem\",\"item\":\"https:\/\/secura.se\/en\/\"},{\"@type\":\"ListItem\",\"position\":2,\"name\":\"L\u00e5sbart dokumentsk\u00e5p\"}]},{\"@type\":\"WebSite\",\"@id\":\"https:\/\/secura.se\/#website\",\"url\":\"https:\/\/secura.se\/\",\"name\":\"Secura\",\"description\":\"Vi tillverkar och s\u00e4ljer klassade kassask\u00e5p som \u00f6kar s\u00e4kerheten p\u00e5 arbetsplatser, i hem och i butik.\",\"potentialAction\":[{\"@type\":\"SearchAction\",\"target\":{\"@type\":\"EntryPoint\",\"urlTemplate\":\"https:\/\/secura.se\/?s={search_term_string}\"},\"query-input\":{\"@type\":\"PropertyValueSpecification\",\"valueRequired\":true,\"valueName\":\"search_term_string\"}}],\"inLanguage\":\"en-US\"}]}<\/script>\n<!-- \/ Yoast SEO plugin. -->","yoast_head_json":{"title":"L\u00e5sbart dokumentsk\u00e5p \u2013 B\u00e5de nyckell\u00e5s och kodl\u00e5s | Secura","description":"Vilka l\u00e5salternativ finns f\u00f6r dokumentsk\u00e5pen? S\u00e5 h\u00e4r h\u00e5ller vi p\u00e5 Secura dina p\u00e4rmar i s\u00e4kert f\u00f6rvar i v\u00e5ra l\u00e5sbara dokumentsk\u00e5p!","robots":{"index":"index","follow":"follow","max-snippet":"max-snippet:-1","max-image-preview":"max-image-preview:large","max-video-preview":"max-video-preview:-1"},"canonical":"https:\/\/secura.se\/dokumentskap-lasbart\/","og_locale":"en_US","og_type":"article","og_title":"L\u00e5sbart dokumentsk\u00e5p \u2013 B\u00e5de nyckell\u00e5s och kodl\u00e5s | Secura","og_description":"Vilka l\u00e5salternativ finns f\u00f6r dokumentsk\u00e5pen? S\u00e5 h\u00e4r h\u00e5ller vi p\u00e5 Secura dina p\u00e4rmar i s\u00e4kert f\u00f6rvar i v\u00e5ra l\u00e5sbara dokumentsk\u00e5p!","og_url":"https:\/\/secura.se\/dokumentskap-lasbart\/","og_site_name":"Secura","og_image":[{"width":1200,"height":630,"url":"https:\/\/secura.se\/wp-content\/uploads\/2024\/02\/share-image-secura.png","type":"image\/png"}],"twitter_card":"summary_large_image","schema":{"@context":"https:\/\/schema.org","@graph":[{"@type":"WebPage","@id":"https:\/\/secura.se\/dokumentskap-lasbart\/","url":"https:\/\/secura.se\/dokumentskap-lasbart\/","name":"L\u00e5sbart dokumentsk\u00e5p \u2013 B\u00e5de nyckell\u00e5s och kodl\u00e5s | Secura","isPartOf":{"@id":"https:\/\/secura.se\/#website"},"datePublished":"2020-03-17T08:13:15+00:00","description":"Vilka l\u00e5salternativ finns f\u00f6r dokumentsk\u00e5pen? S\u00e5 h\u00e4r h\u00e5ller vi p\u00e5 Secura dina p\u00e4rmar i s\u00e4kert f\u00f6rvar i v\u00e5ra l\u00e5sbara dokumentsk\u00e5p!","breadcrumb":{"@id":"https:\/\/secura.se\/dokumentskap-lasbart\/#breadcrumb"},"inLanguage":"en-US","potentialAction":[{"@type":"ReadAction","target":["https:\/\/secura.se\/dokumentskap-lasbart\/"]}]},{"@type":"BreadcrumbList","@id":"https:\/\/secura.se\/dokumentskap-lasbart\/#breadcrumb","itemListElement":[{"@type":"ListItem","position":1,"name":"Hem","item":"https:\/\/secura.se\/en\/"},{"@type":"ListItem","position":2,"name":"L\u00e5sbart dokumentsk\u00e5p"}]},{"@type":"WebSite","@id":"https:\/\/secura.se\/#website","url":"https:\/\/secura.se\/","name":"Secura","description":"Vi tillverkar och s\u00e4ljer klassade kassask\u00e5p som \u00f6kar s\u00e4kerheten p\u00e5 arbetsplatser, i hem och i butik.","potentialAction":[{"@type":"SearchAction","target":{"@type":"EntryPoint","urlTemplate":"https:\/\/secura.se\/?s={search_term_string}"},"query-input":{"@type":"PropertyValueSpecification","valueRequired":true,"valueName":"search_term_string"}}],"inLanguage":"en-US"}]}},"_links":{"self":[{"href":"https:\/\/secura.se\/en\/wp-json\/wp\/v2\/pages\/6370","targetHints":{"allow":["GET"]}}],"collection":[{"href":"https:\/\/secura.se\/en\/wp-json\/wp\/v2\/pages"}],"about":[{"href":"https:\/\/secura.se\/en\/wp-json\/wp\/v2\/types\/page"}],"author":[{"embeddable":true,"href":"https:\/\/secura.se\/en\/wp-json\/wp\/v2\/users\/1"}],"replies":[{"embeddable":true,"href":"https:\/\/secura.se\/en\/wp-json\/wp\/v2\/comments?post=6370"}],"version-history":[{"count":0,"href":"https:\/\/secura.se\/en\/wp-json\/wp\/v2\/pages\/6370\/revisions"}],"wp:attachment":[{"href":"https:\/\/secura.se\/en\/wp-json\/wp\/v2\/media?parent=6370"}],"curies":[{"name":"wp","href":"https:\/\/api.w.org\/{rel}","templated":true}]}}