{"id":6462,"date":"2020-04-28T07:08:19","date_gmt":"2020-04-28T07:08:19","guid":{"rendered":"https:\/\/secura.se\/produkter\/handlingar-och-data\/arkivskap\/anpassningsbart-arkivskap\/"},"modified":"2020-04-28T07:08:19","modified_gmt":"2020-04-28T07:08:19","slug":"anpassningsbart-arkivskap","status":"publish","type":"page","link":"https:\/\/secura.se\/en\/produkter\/handlingar-och-data\/arkivskap\/anpassningsbart-arkivskap\/","title":{"rendered":"Anpassningsbart arkivsk\u00e5p"},"content":{"rendered":"","protected":false},"excerpt":{"rendered":"","protected":false},"author":1,"featured_media":0,"parent":6461,"menu_order":0,"comment_status":"closed","ping_status":"closed","template":"","meta":{"_acf_changed":false,"footnotes":""},"class_list":["post-6462","page","type-page","status-publish","hentry"],"acf":[],"yoast_head":"<!-- This site is optimized with the Yoast SEO plugin v25.3 - https:\/\/yoast.com\/wordpress\/plugins\/seo\/ -->\n<title>Anpassningsbart arkivsk\u00e5p | Secura<\/title>\n<meta name=\"description\" content=\"Arkivsk\u00e5pen fr\u00e5n Secura har sedan starten utvecklats och producerats utifr\u00e5n v\u00e5ra kunders behov. D\u00e4rf\u00f6r \u00e4r de anpassningsbara p\u00e5 flera s\u00e4tt.\" \/>\n<meta name=\"robots\" content=\"index, follow, max-snippet:-1, max-image-preview:large, max-video-preview:-1\" \/>\n<link rel=\"canonical\" href=\"https:\/\/secura.se\/produkter\/handlingar-och-data\/arkivskap\/anpassningsbart-arkivskap\/\" \/>\n<meta property=\"og:locale\" content=\"en_US\" \/>\n<meta property=\"og:type\" content=\"article\" \/>\n<meta property=\"og:title\" content=\"Anpassningsbart arkivsk\u00e5p | Secura\" \/>\n<meta property=\"og:description\" content=\"Arkivsk\u00e5pen fr\u00e5n Secura har sedan starten utvecklats och producerats utifr\u00e5n v\u00e5ra kunders behov. D\u00e4rf\u00f6r \u00e4r de anpassningsbara p\u00e5 flera s\u00e4tt.\" \/>\n<meta property=\"og:url\" content=\"https:\/\/secura.se\/produkter\/handlingar-och-data\/arkivskap\/anpassningsbart-arkivskap\/\" \/>\n<meta property=\"og:site_name\" content=\"Secura\" \/>\n<meta property=\"og:image\" content=\"https:\/\/secura.se\/wp-content\/uploads\/2024\/02\/share-image-secura.png\" \/>\n\t<meta property=\"og:image:width\" content=\"1200\" \/>\n\t<meta property=\"og:image:height\" content=\"630\" \/>\n\t<meta property=\"og:image:type\" content=\"image\/png\" \/>\n<meta name=\"twitter:card\" content=\"summary_large_image\" \/>\n<script type=\"application\/ld+json\" class=\"yoast-schema-graph\">{\"@context\":\"https:\/\/schema.org\",\"@graph\":[{\"@type\":\"WebPage\",\"@id\":\"https:\/\/secura.se\/produkter\/handlingar-och-data\/arkivskap\/anpassningsbart-arkivskap\/\",\"url\":\"https:\/\/secura.se\/produkter\/handlingar-och-data\/arkivskap\/anpassningsbart-arkivskap\/\",\"name\":\"Anpassningsbart arkivsk\u00e5p | Secura\",\"isPartOf\":{\"@id\":\"https:\/\/secura.se\/#website\"},\"datePublished\":\"2020-04-28T07:08:19+00:00\",\"description\":\"Arkivsk\u00e5pen fr\u00e5n Secura har sedan starten utvecklats och producerats utifr\u00e5n v\u00e5ra kunders behov. D\u00e4rf\u00f6r \u00e4r de anpassningsbara p\u00e5 flera s\u00e4tt.\",\"breadcrumb\":{\"@id\":\"https:\/\/secura.se\/produkter\/handlingar-och-data\/arkivskap\/anpassningsbart-arkivskap\/#breadcrumb\"},\"inLanguage\":\"en-US\",\"potentialAction\":[{\"@type\":\"ReadAction\",\"target\":[\"https:\/\/secura.se\/produkter\/handlingar-och-data\/arkivskap\/anpassningsbart-arkivskap\/\"]}]},{\"@type\":\"BreadcrumbList\",\"@id\":\"https:\/\/secura.se\/produkter\/handlingar-och-data\/arkivskap\/anpassningsbart-arkivskap\/#breadcrumb\",\"itemListElement\":[{\"@type\":\"ListItem\",\"position\":1,\"name\":\"Hem\",\"item\":\"https:\/\/secura.se\/en\/\"},{\"@type\":\"ListItem\",\"position\":2,\"name\":\"Produkter\",\"item\":\"https:\/\/secura.se\/produkter\/\"},{\"@type\":\"ListItem\",\"position\":3,\"name\":\"Handlingar och Data\",\"item\":\"https:\/\/secura.se\/produkter\/handlingar-och-data\/\"},{\"@type\":\"ListItem\",\"position\":4,\"name\":\"Arkivsk\u00e5p\",\"item\":\"https:\/\/secura.se\/produkter\/handlingar-och-data\/arkivskap\/\"},{\"@type\":\"ListItem\",\"position\":5,\"name\":\"Anpassningsbart arkivsk\u00e5p\"}]},{\"@type\":\"WebSite\",\"@id\":\"https:\/\/secura.se\/#website\",\"url\":\"https:\/\/secura.se\/\",\"name\":\"Secura\",\"description\":\"Vi tillverkar och s\u00e4ljer klassade kassask\u00e5p som \u00f6kar s\u00e4kerheten p\u00e5 arbetsplatser, i hem och i butik.\",\"potentialAction\":[{\"@type\":\"SearchAction\",\"target\":{\"@type\":\"EntryPoint\",\"urlTemplate\":\"https:\/\/secura.se\/?s={search_term_string}\"},\"query-input\":{\"@type\":\"PropertyValueSpecification\",\"valueRequired\":true,\"valueName\":\"search_term_string\"}}],\"inLanguage\":\"en-US\"}]}<\/script>\n<!-- \/ Yoast SEO plugin. -->","yoast_head_json":{"title":"Anpassningsbart arkivsk\u00e5p | Secura","description":"Arkivsk\u00e5pen fr\u00e5n Secura har sedan starten utvecklats och producerats utifr\u00e5n v\u00e5ra kunders behov. D\u00e4rf\u00f6r \u00e4r de anpassningsbara p\u00e5 flera s\u00e4tt.","robots":{"index":"index","follow":"follow","max-snippet":"max-snippet:-1","max-image-preview":"max-image-preview:large","max-video-preview":"max-video-preview:-1"},"canonical":"https:\/\/secura.se\/produkter\/handlingar-och-data\/arkivskap\/anpassningsbart-arkivskap\/","og_locale":"en_US","og_type":"article","og_title":"Anpassningsbart arkivsk\u00e5p | Secura","og_description":"Arkivsk\u00e5pen fr\u00e5n Secura har sedan starten utvecklats och producerats utifr\u00e5n v\u00e5ra kunders behov. D\u00e4rf\u00f6r \u00e4r de anpassningsbara p\u00e5 flera s\u00e4tt.","og_url":"https:\/\/secura.se\/produkter\/handlingar-och-data\/arkivskap\/anpassningsbart-arkivskap\/","og_site_name":"Secura","og_image":[{"width":1200,"height":630,"url":"https:\/\/secura.se\/wp-content\/uploads\/2024\/02\/share-image-secura.png","type":"image\/png"}],"twitter_card":"summary_large_image","schema":{"@context":"https:\/\/schema.org","@graph":[{"@type":"WebPage","@id":"https:\/\/secura.se\/produkter\/handlingar-och-data\/arkivskap\/anpassningsbart-arkivskap\/","url":"https:\/\/secura.se\/produkter\/handlingar-och-data\/arkivskap\/anpassningsbart-arkivskap\/","name":"Anpassningsbart arkivsk\u00e5p | Secura","isPartOf":{"@id":"https:\/\/secura.se\/#website"},"datePublished":"2020-04-28T07:08:19+00:00","description":"Arkivsk\u00e5pen fr\u00e5n Secura har sedan starten utvecklats och producerats utifr\u00e5n v\u00e5ra kunders behov. D\u00e4rf\u00f6r \u00e4r de anpassningsbara p\u00e5 flera s\u00e4tt.","breadcrumb":{"@id":"https:\/\/secura.se\/produkter\/handlingar-och-data\/arkivskap\/anpassningsbart-arkivskap\/#breadcrumb"},"inLanguage":"en-US","potentialAction":[{"@type":"ReadAction","target":["https:\/\/secura.se\/produkter\/handlingar-och-data\/arkivskap\/anpassningsbart-arkivskap\/"]}]},{"@type":"BreadcrumbList","@id":"https:\/\/secura.se\/produkter\/handlingar-och-data\/arkivskap\/anpassningsbart-arkivskap\/#breadcrumb","itemListElement":[{"@type":"ListItem","position":1,"name":"Hem","item":"https:\/\/secura.se\/en\/"},{"@type":"ListItem","position":2,"name":"Produkter","item":"https:\/\/secura.se\/produkter\/"},{"@type":"ListItem","position":3,"name":"Handlingar och Data","item":"https:\/\/secura.se\/produkter\/handlingar-och-data\/"},{"@type":"ListItem","position":4,"name":"Arkivsk\u00e5p","item":"https:\/\/secura.se\/produkter\/handlingar-och-data\/arkivskap\/"},{"@type":"ListItem","position":5,"name":"Anpassningsbart arkivsk\u00e5p"}]},{"@type":"WebSite","@id":"https:\/\/secura.se\/#website","url":"https:\/\/secura.se\/","name":"Secura","description":"Vi tillverkar och s\u00e4ljer klassade kassask\u00e5p som \u00f6kar s\u00e4kerheten p\u00e5 arbetsplatser, i hem och i butik.","potentialAction":[{"@type":"SearchAction","target":{"@type":"EntryPoint","urlTemplate":"https:\/\/secura.se\/?s={search_term_string}"},"query-input":{"@type":"PropertyValueSpecification","valueRequired":true,"valueName":"search_term_string"}}],"inLanguage":"en-US"}]}},"_links":{"self":[{"href":"https:\/\/secura.se\/en\/wp-json\/wp\/v2\/pages\/6462","targetHints":{"allow":["GET"]}}],"collection":[{"href":"https:\/\/secura.se\/en\/wp-json\/wp\/v2\/pages"}],"about":[{"href":"https:\/\/secura.se\/en\/wp-json\/wp\/v2\/types\/page"}],"author":[{"embeddable":true,"href":"https:\/\/secura.se\/en\/wp-json\/wp\/v2\/users\/1"}],"replies":[{"embeddable":true,"href":"https:\/\/secura.se\/en\/wp-json\/wp\/v2\/comments?post=6462"}],"version-history":[{"count":0,"href":"https:\/\/secura.se\/en\/wp-json\/wp\/v2\/pages\/6462\/revisions"}],"up":[{"embeddable":true,"href":"https:\/\/secura.se\/en\/wp-json\/wp\/v2\/pages\/6461"}],"wp:attachment":[{"href":"https:\/\/secura.se\/en\/wp-json\/wp\/v2\/media?parent=6462"}],"curies":[{"name":"wp","href":"https:\/\/api.w.org\/{rel}","templated":true}]}}