{"id":6500,"date":"2019-08-29T11:47:30","date_gmt":"2019-08-29T11:47:30","guid":{"rendered":"https:\/\/secura.se\/produkter\/handlingar-och-data\/dataskap\/"},"modified":"2020-10-14T13:37:43","modified_gmt":"2020-10-14T13:37:43","slug":"dataskap","status":"publish","type":"page","link":"https:\/\/secura.se\/en\/produkter\/handlingar-och-data\/dataskap\/","title":{"rendered":"Datask\u00e5p"},"content":{"rendered":"","protected":false},"excerpt":{"rendered":"","protected":false},"author":1,"featured_media":0,"parent":6460,"menu_order":0,"comment_status":"closed","ping_status":"closed","template":"","meta":{"_acf_changed":false,"footnotes":""},"class_list":["post-6500","page","type-page","status-publish","hentry"],"acf":[],"yoast_head":"<!-- This site is optimized with the Yoast SEO plugin v25.3 - https:\/\/yoast.com\/wordpress\/plugins\/seo\/ -->\n<title>Datask\u00e5p med h\u00f6g brands\u00e4kerhet | Secura<\/title>\n<meta name=\"description\" content=\"Datask\u00e5p \u00e4r utvecklade f\u00f6r att skydda digital media och backup vid brand. Secura erbjuder datask\u00e5p i flera olika brandklassningar och storlekar.\" \/>\n<meta name=\"robots\" content=\"index, follow, max-snippet:-1, max-image-preview:large, max-video-preview:-1\" \/>\n<link rel=\"canonical\" href=\"https:\/\/secura.se\/produkter\/handlingar-och-data\/dataskap\/\" \/>\n<meta property=\"og:locale\" content=\"en_US\" \/>\n<meta property=\"og:type\" content=\"article\" \/>\n<meta property=\"og:title\" content=\"Datask\u00e5p med h\u00f6g brands\u00e4kerhet | Secura\" \/>\n<meta property=\"og:description\" content=\"Datask\u00e5p \u00e4r utvecklade f\u00f6r att skydda digital media och backup vid brand. Secura erbjuder datask\u00e5p i flera olika brandklassningar och storlekar.\" \/>\n<meta property=\"og:url\" content=\"https:\/\/secura.se\/produkter\/handlingar-och-data\/dataskap\/\" \/>\n<meta property=\"og:site_name\" content=\"Secura\" \/>\n<meta property=\"article:modified_time\" content=\"2020-10-14T13:37:43+00:00\" \/>\n<meta property=\"og:image\" content=\"https:\/\/secura.se\/wp-content\/uploads\/2024\/02\/share-image-secura.png\" \/>\n\t<meta property=\"og:image:width\" content=\"1200\" \/>\n\t<meta property=\"og:image:height\" content=\"630\" \/>\n\t<meta property=\"og:image:type\" content=\"image\/png\" \/>\n<meta name=\"twitter:card\" content=\"summary_large_image\" \/>\n<script type=\"application\/ld+json\" class=\"yoast-schema-graph\">{\"@context\":\"https:\/\/schema.org\",\"@graph\":[{\"@type\":\"WebPage\",\"@id\":\"https:\/\/secura.se\/produkter\/handlingar-och-data\/dataskap\/\",\"url\":\"https:\/\/secura.se\/produkter\/handlingar-och-data\/dataskap\/\",\"name\":\"Datask\u00e5p med h\u00f6g brands\u00e4kerhet | Secura\",\"isPartOf\":{\"@id\":\"https:\/\/secura.se\/#website\"},\"datePublished\":\"2019-08-29T11:47:30+00:00\",\"dateModified\":\"2020-10-14T13:37:43+00:00\",\"description\":\"Datask\u00e5p \u00e4r utvecklade f\u00f6r att skydda digital media och backup vid brand. Secura erbjuder datask\u00e5p i flera olika brandklassningar och storlekar.\",\"breadcrumb\":{\"@id\":\"https:\/\/secura.se\/produkter\/handlingar-och-data\/dataskap\/#breadcrumb\"},\"inLanguage\":\"en-US\",\"potentialAction\":[{\"@type\":\"ReadAction\",\"target\":[\"https:\/\/secura.se\/produkter\/handlingar-och-data\/dataskap\/\"]}]},{\"@type\":\"BreadcrumbList\",\"@id\":\"https:\/\/secura.se\/produkter\/handlingar-och-data\/dataskap\/#breadcrumb\",\"itemListElement\":[{\"@type\":\"ListItem\",\"position\":1,\"name\":\"Hem\",\"item\":\"https:\/\/secura.se\/en\/\"},{\"@type\":\"ListItem\",\"position\":2,\"name\":\"Produkter\",\"item\":\"https:\/\/secura.se\/produkter\/\"},{\"@type\":\"ListItem\",\"position\":3,\"name\":\"Handlingar och Data\",\"item\":\"https:\/\/secura.se\/produkter\/handlingar-och-data\/\"},{\"@type\":\"ListItem\",\"position\":4,\"name\":\"Datask\u00e5p\"}]},{\"@type\":\"WebSite\",\"@id\":\"https:\/\/secura.se\/#website\",\"url\":\"https:\/\/secura.se\/\",\"name\":\"Secura\",\"description\":\"Vi tillverkar och s\u00e4ljer klassade kassask\u00e5p som \u00f6kar s\u00e4kerheten p\u00e5 arbetsplatser, i hem och i butik.\",\"potentialAction\":[{\"@type\":\"SearchAction\",\"target\":{\"@type\":\"EntryPoint\",\"urlTemplate\":\"https:\/\/secura.se\/?s={search_term_string}\"},\"query-input\":{\"@type\":\"PropertyValueSpecification\",\"valueRequired\":true,\"valueName\":\"search_term_string\"}}],\"inLanguage\":\"en-US\"}]}<\/script>\n<!-- \/ Yoast SEO plugin. -->","yoast_head_json":{"title":"Datask\u00e5p med h\u00f6g brands\u00e4kerhet | Secura","description":"Datask\u00e5p \u00e4r utvecklade f\u00f6r att skydda digital media och backup vid brand. Secura erbjuder datask\u00e5p i flera olika brandklassningar och storlekar.","robots":{"index":"index","follow":"follow","max-snippet":"max-snippet:-1","max-image-preview":"max-image-preview:large","max-video-preview":"max-video-preview:-1"},"canonical":"https:\/\/secura.se\/produkter\/handlingar-och-data\/dataskap\/","og_locale":"en_US","og_type":"article","og_title":"Datask\u00e5p med h\u00f6g brands\u00e4kerhet | Secura","og_description":"Datask\u00e5p \u00e4r utvecklade f\u00f6r att skydda digital media och backup vid brand. Secura erbjuder datask\u00e5p i flera olika brandklassningar och storlekar.","og_url":"https:\/\/secura.se\/produkter\/handlingar-och-data\/dataskap\/","og_site_name":"Secura","article_modified_time":"2020-10-14T13:37:43+00:00","og_image":[{"width":1200,"height":630,"url":"https:\/\/secura.se\/wp-content\/uploads\/2024\/02\/share-image-secura.png","type":"image\/png"}],"twitter_card":"summary_large_image","schema":{"@context":"https:\/\/schema.org","@graph":[{"@type":"WebPage","@id":"https:\/\/secura.se\/produkter\/handlingar-och-data\/dataskap\/","url":"https:\/\/secura.se\/produkter\/handlingar-och-data\/dataskap\/","name":"Datask\u00e5p med h\u00f6g brands\u00e4kerhet | Secura","isPartOf":{"@id":"https:\/\/secura.se\/#website"},"datePublished":"2019-08-29T11:47:30+00:00","dateModified":"2020-10-14T13:37:43+00:00","description":"Datask\u00e5p \u00e4r utvecklade f\u00f6r att skydda digital media och backup vid brand. Secura erbjuder datask\u00e5p i flera olika brandklassningar och storlekar.","breadcrumb":{"@id":"https:\/\/secura.se\/produkter\/handlingar-och-data\/dataskap\/#breadcrumb"},"inLanguage":"en-US","potentialAction":[{"@type":"ReadAction","target":["https:\/\/secura.se\/produkter\/handlingar-och-data\/dataskap\/"]}]},{"@type":"BreadcrumbList","@id":"https:\/\/secura.se\/produkter\/handlingar-och-data\/dataskap\/#breadcrumb","itemListElement":[{"@type":"ListItem","position":1,"name":"Hem","item":"https:\/\/secura.se\/en\/"},{"@type":"ListItem","position":2,"name":"Produkter","item":"https:\/\/secura.se\/produkter\/"},{"@type":"ListItem","position":3,"name":"Handlingar och Data","item":"https:\/\/secura.se\/produkter\/handlingar-och-data\/"},{"@type":"ListItem","position":4,"name":"Datask\u00e5p"}]},{"@type":"WebSite","@id":"https:\/\/secura.se\/#website","url":"https:\/\/secura.se\/","name":"Secura","description":"Vi tillverkar och s\u00e4ljer klassade kassask\u00e5p som \u00f6kar s\u00e4kerheten p\u00e5 arbetsplatser, i hem och i butik.","potentialAction":[{"@type":"SearchAction","target":{"@type":"EntryPoint","urlTemplate":"https:\/\/secura.se\/?s={search_term_string}"},"query-input":{"@type":"PropertyValueSpecification","valueRequired":true,"valueName":"search_term_string"}}],"inLanguage":"en-US"}]}},"_links":{"self":[{"href":"https:\/\/secura.se\/en\/wp-json\/wp\/v2\/pages\/6500","targetHints":{"allow":["GET"]}}],"collection":[{"href":"https:\/\/secura.se\/en\/wp-json\/wp\/v2\/pages"}],"about":[{"href":"https:\/\/secura.se\/en\/wp-json\/wp\/v2\/types\/page"}],"author":[{"embeddable":true,"href":"https:\/\/secura.se\/en\/wp-json\/wp\/v2\/users\/1"}],"replies":[{"embeddable":true,"href":"https:\/\/secura.se\/en\/wp-json\/wp\/v2\/comments?post=6500"}],"version-history":[{"count":1,"href":"https:\/\/secura.se\/en\/wp-json\/wp\/v2\/pages\/6500\/revisions"}],"predecessor-version":[{"id":6509,"href":"https:\/\/secura.se\/en\/wp-json\/wp\/v2\/pages\/6500\/revisions\/6509"}],"up":[{"embeddable":true,"href":"https:\/\/secura.se\/en\/wp-json\/wp\/v2\/pages\/6460"}],"wp:attachment":[{"href":"https:\/\/secura.se\/en\/wp-json\/wp\/v2\/media?parent=6500"}],"curies":[{"name":"wp","href":"https:\/\/api.w.org\/{rel}","templated":true}]}}