{"id":6861,"date":"2019-08-30T09:33:40","date_gmt":"2019-08-30T09:33:40","guid":{"rendered":"https:\/\/secura.se\/produkter\/inbrott-och-stold\/vardeskap-en-1143-1\/sre-serien\/sre-100-iii\/"},"modified":"2019-08-30T09:33:40","modified_gmt":"2019-08-30T09:33:40","slug":"sre-100-iii","status":"publish","type":"page","link":"https:\/\/secura.se\/en\/produkter\/inbrott-och-stold\/vardeskap-en-1143-1\/sre-serien\/sre-100-iii\/","title":{"rendered":"SRE 100-III"},"content":{"rendered":"","protected":false},"excerpt":{"rendered":"","protected":false},"author":1,"featured_media":0,"parent":6858,"menu_order":0,"comment_status":"closed","ping_status":"closed","template":"","meta":{"_acf_changed":false,"footnotes":""},"class_list":["post-6861","page","type-page","status-publish","hentry"],"acf":[],"yoast_head":"<!-- This site is optimized with the Yoast SEO plugin v25.3 - https:\/\/yoast.com\/wordpress\/plugins\/seo\/ -->\n<title>SRE 100-III | Secura<\/title>\n<meta name=\"robots\" content=\"index, follow, max-snippet:-1, max-image-preview:large, max-video-preview:-1\" \/>\n<link rel=\"canonical\" href=\"https:\/\/secura.se\/produkter\/inbrott-och-stold\/vardeskap-en-1143-1\/sre-serien\/sre-100-iii\/\" \/>\n<meta property=\"og:locale\" content=\"en_US\" \/>\n<meta property=\"og:type\" content=\"article\" \/>\n<meta property=\"og:title\" content=\"SRE 100-III | Secura\" \/>\n<meta property=\"og:url\" content=\"https:\/\/secura.se\/produkter\/inbrott-och-stold\/vardeskap-en-1143-1\/sre-serien\/sre-100-iii\/\" \/>\n<meta property=\"og:site_name\" content=\"Secura\" \/>\n<meta property=\"og:image\" content=\"https:\/\/secura.se\/wp-content\/uploads\/2024\/02\/share-image-secura.png\" \/>\n\t<meta property=\"og:image:width\" content=\"1200\" \/>\n\t<meta property=\"og:image:height\" content=\"630\" \/>\n\t<meta property=\"og:image:type\" content=\"image\/png\" \/>\n<meta name=\"twitter:card\" content=\"summary_large_image\" \/>\n<script type=\"application\/ld+json\" class=\"yoast-schema-graph\">{\"@context\":\"https:\/\/schema.org\",\"@graph\":[{\"@type\":\"WebPage\",\"@id\":\"https:\/\/secura.se\/produkter\/inbrott-och-stold\/vardeskap-en-1143-1\/sre-serien\/sre-100-iii\/\",\"url\":\"https:\/\/secura.se\/produkter\/inbrott-och-stold\/vardeskap-en-1143-1\/sre-serien\/sre-100-iii\/\",\"name\":\"SRE 100-III | Secura\",\"isPartOf\":{\"@id\":\"https:\/\/secura.se\/#website\"},\"datePublished\":\"2019-08-30T09:33:40+00:00\",\"breadcrumb\":{\"@id\":\"https:\/\/secura.se\/produkter\/inbrott-och-stold\/vardeskap-en-1143-1\/sre-serien\/sre-100-iii\/#breadcrumb\"},\"inLanguage\":\"en-US\",\"potentialAction\":[{\"@type\":\"ReadAction\",\"target\":[\"https:\/\/secura.se\/produkter\/inbrott-och-stold\/vardeskap-en-1143-1\/sre-serien\/sre-100-iii\/\"]}]},{\"@type\":\"BreadcrumbList\",\"@id\":\"https:\/\/secura.se\/produkter\/inbrott-och-stold\/vardeskap-en-1143-1\/sre-serien\/sre-100-iii\/#breadcrumb\",\"itemListElement\":[{\"@type\":\"ListItem\",\"position\":1,\"name\":\"Hem\",\"item\":\"https:\/\/secura.se\/en\/\"},{\"@type\":\"ListItem\",\"position\":2,\"name\":\"Produkter\",\"item\":\"https:\/\/secura.se\/produkter\/\"},{\"@type\":\"ListItem\",\"position\":3,\"name\":\"Inbrott och St\u00f6ld\",\"item\":\"https:\/\/secura.se\/produkter\/inbrott-och-stold\/\"},{\"@type\":\"ListItem\",\"position\":4,\"name\":\"V\u00e4rdesk\u00e5p &#8211; EN 1143-1\",\"item\":\"https:\/\/secura.se\/produkter\/inbrott-och-stold\/vardeskap-en-1143-1\/\"},{\"@type\":\"ListItem\",\"position\":5,\"name\":\"SRE-serien\",\"item\":\"https:\/\/secura.se\/produkter\/inbrott-och-stold\/vardeskap-en-1143-1\/sre-serien\/\"},{\"@type\":\"ListItem\",\"position\":6,\"name\":\"SRE 100-III\"}]},{\"@type\":\"WebSite\",\"@id\":\"https:\/\/secura.se\/#website\",\"url\":\"https:\/\/secura.se\/\",\"name\":\"Secura\",\"description\":\"Vi tillverkar och s\u00e4ljer klassade kassask\u00e5p som \u00f6kar s\u00e4kerheten p\u00e5 arbetsplatser, i hem och i butik.\",\"potentialAction\":[{\"@type\":\"SearchAction\",\"target\":{\"@type\":\"EntryPoint\",\"urlTemplate\":\"https:\/\/secura.se\/?s={search_term_string}\"},\"query-input\":{\"@type\":\"PropertyValueSpecification\",\"valueRequired\":true,\"valueName\":\"search_term_string\"}}],\"inLanguage\":\"en-US\"}]}<\/script>\n<!-- \/ Yoast SEO plugin. -->","yoast_head_json":{"title":"SRE 100-III | Secura","robots":{"index":"index","follow":"follow","max-snippet":"max-snippet:-1","max-image-preview":"max-image-preview:large","max-video-preview":"max-video-preview:-1"},"canonical":"https:\/\/secura.se\/produkter\/inbrott-och-stold\/vardeskap-en-1143-1\/sre-serien\/sre-100-iii\/","og_locale":"en_US","og_type":"article","og_title":"SRE 100-III | Secura","og_url":"https:\/\/secura.se\/produkter\/inbrott-och-stold\/vardeskap-en-1143-1\/sre-serien\/sre-100-iii\/","og_site_name":"Secura","og_image":[{"width":1200,"height":630,"url":"https:\/\/secura.se\/wp-content\/uploads\/2024\/02\/share-image-secura.png","type":"image\/png"}],"twitter_card":"summary_large_image","schema":{"@context":"https:\/\/schema.org","@graph":[{"@type":"WebPage","@id":"https:\/\/secura.se\/produkter\/inbrott-och-stold\/vardeskap-en-1143-1\/sre-serien\/sre-100-iii\/","url":"https:\/\/secura.se\/produkter\/inbrott-och-stold\/vardeskap-en-1143-1\/sre-serien\/sre-100-iii\/","name":"SRE 100-III | Secura","isPartOf":{"@id":"https:\/\/secura.se\/#website"},"datePublished":"2019-08-30T09:33:40+00:00","breadcrumb":{"@id":"https:\/\/secura.se\/produkter\/inbrott-och-stold\/vardeskap-en-1143-1\/sre-serien\/sre-100-iii\/#breadcrumb"},"inLanguage":"en-US","potentialAction":[{"@type":"ReadAction","target":["https:\/\/secura.se\/produkter\/inbrott-och-stold\/vardeskap-en-1143-1\/sre-serien\/sre-100-iii\/"]}]},{"@type":"BreadcrumbList","@id":"https:\/\/secura.se\/produkter\/inbrott-och-stold\/vardeskap-en-1143-1\/sre-serien\/sre-100-iii\/#breadcrumb","itemListElement":[{"@type":"ListItem","position":1,"name":"Hem","item":"https:\/\/secura.se\/en\/"},{"@type":"ListItem","position":2,"name":"Produkter","item":"https:\/\/secura.se\/produkter\/"},{"@type":"ListItem","position":3,"name":"Inbrott och St\u00f6ld","item":"https:\/\/secura.se\/produkter\/inbrott-och-stold\/"},{"@type":"ListItem","position":4,"name":"V\u00e4rdesk\u00e5p &#8211; EN 1143-1","item":"https:\/\/secura.se\/produkter\/inbrott-och-stold\/vardeskap-en-1143-1\/"},{"@type":"ListItem","position":5,"name":"SRE-serien","item":"https:\/\/secura.se\/produkter\/inbrott-och-stold\/vardeskap-en-1143-1\/sre-serien\/"},{"@type":"ListItem","position":6,"name":"SRE 100-III"}]},{"@type":"WebSite","@id":"https:\/\/secura.se\/#website","url":"https:\/\/secura.se\/","name":"Secura","description":"Vi tillverkar och s\u00e4ljer klassade kassask\u00e5p som \u00f6kar s\u00e4kerheten p\u00e5 arbetsplatser, i hem och i butik.","potentialAction":[{"@type":"SearchAction","target":{"@type":"EntryPoint","urlTemplate":"https:\/\/secura.se\/?s={search_term_string}"},"query-input":{"@type":"PropertyValueSpecification","valueRequired":true,"valueName":"search_term_string"}}],"inLanguage":"en-US"}]}},"_links":{"self":[{"href":"https:\/\/secura.se\/en\/wp-json\/wp\/v2\/pages\/6861","targetHints":{"allow":["GET"]}}],"collection":[{"href":"https:\/\/secura.se\/en\/wp-json\/wp\/v2\/pages"}],"about":[{"href":"https:\/\/secura.se\/en\/wp-json\/wp\/v2\/types\/page"}],"author":[{"embeddable":true,"href":"https:\/\/secura.se\/en\/wp-json\/wp\/v2\/users\/1"}],"replies":[{"embeddable":true,"href":"https:\/\/secura.se\/en\/wp-json\/wp\/v2\/comments?post=6861"}],"version-history":[{"count":0,"href":"https:\/\/secura.se\/en\/wp-json\/wp\/v2\/pages\/6861\/revisions"}],"up":[{"embeddable":true,"href":"https:\/\/secura.se\/en\/wp-json\/wp\/v2\/pages\/6858"}],"wp:attachment":[{"href":"https:\/\/secura.se\/en\/wp-json\/wp\/v2\/media?parent=6861"}],"curies":[{"name":"wp","href":"https:\/\/api.w.org\/{rel}","templated":true}]}}