{"id":6947,"date":"2020-01-30T10:11:45","date_gmt":"2020-01-30T10:11:45","guid":{"rendered":"https:\/\/secura.se\/ta-bort-dalig-lukt-i-skap\/"},"modified":"2020-01-30T10:11:45","modified_gmt":"2020-01-30T10:11:45","slug":"ta-bort-dalig-lukt-i-skap","status":"publish","type":"page","link":"https:\/\/secura.se\/en\/ta-bort-dalig-lukt-i-skap\/","title":{"rendered":"Ta bort d\u00e5lig lukt i sk\u00e5p \u2013 3 tips!"},"content":{"rendered":"","protected":false},"excerpt":{"rendered":"","protected":false},"author":1,"featured_media":0,"parent":0,"menu_order":0,"comment_status":"closed","ping_status":"closed","template":"","meta":{"_acf_changed":false,"footnotes":""},"class_list":["post-6947","page","type-page","status-publish","hentry"],"acf":[],"yoast_head":"<!-- This site is optimized with the Yoast SEO plugin v25.3 - https:\/\/yoast.com\/wordpress\/plugins\/seo\/ -->\n<title>Ta bort d\u00e5lig lukt i sk\u00e5p \u2013 3 tips! | Secura<\/title>\n<meta name=\"description\" content=\"Illaluktande sk\u00e5p och garderober \u00e4r inget som passar i varken hem eller f\u00f6retag idag. H\u00e4r \u00e4r tre tips du beh\u00f6ver veta f\u00f6r att ta bort d\u00e5lig lukt i sk\u00e5p!\" \/>\n<meta name=\"robots\" content=\"index, follow, max-snippet:-1, max-image-preview:large, max-video-preview:-1\" \/>\n<link rel=\"canonical\" href=\"https:\/\/secura.se\/ta-bort-dalig-lukt-i-skap\/\" \/>\n<meta property=\"og:locale\" content=\"en_US\" \/>\n<meta property=\"og:type\" content=\"article\" \/>\n<meta property=\"og:title\" content=\"Ta bort d\u00e5lig lukt i sk\u00e5p \u2013 3 tips! | Secura\" \/>\n<meta property=\"og:description\" content=\"Illaluktande sk\u00e5p och garderober \u00e4r inget som passar i varken hem eller f\u00f6retag idag. H\u00e4r \u00e4r tre tips du beh\u00f6ver veta f\u00f6r att ta bort d\u00e5lig lukt i sk\u00e5p!\" \/>\n<meta property=\"og:url\" content=\"https:\/\/secura.se\/ta-bort-dalig-lukt-i-skap\/\" \/>\n<meta property=\"og:site_name\" content=\"Secura\" \/>\n<meta property=\"og:image\" content=\"https:\/\/secura.se\/wp-content\/uploads\/2024\/02\/share-image-secura.png\" \/>\n\t<meta property=\"og:image:width\" content=\"1200\" \/>\n\t<meta property=\"og:image:height\" content=\"630\" \/>\n\t<meta property=\"og:image:type\" content=\"image\/png\" \/>\n<meta name=\"twitter:card\" content=\"summary_large_image\" \/>\n<script type=\"application\/ld+json\" class=\"yoast-schema-graph\">{\"@context\":\"https:\/\/schema.org\",\"@graph\":[{\"@type\":\"WebPage\",\"@id\":\"https:\/\/secura.se\/ta-bort-dalig-lukt-i-skap\/\",\"url\":\"https:\/\/secura.se\/ta-bort-dalig-lukt-i-skap\/\",\"name\":\"Ta bort d\u00e5lig lukt i sk\u00e5p \u2013 3 tips! | Secura\",\"isPartOf\":{\"@id\":\"https:\/\/secura.se\/#website\"},\"datePublished\":\"2020-01-30T10:11:45+00:00\",\"description\":\"Illaluktande sk\u00e5p och garderober \u00e4r inget som passar i varken hem eller f\u00f6retag idag. H\u00e4r \u00e4r tre tips du beh\u00f6ver veta f\u00f6r att ta bort d\u00e5lig lukt i sk\u00e5p!\",\"breadcrumb\":{\"@id\":\"https:\/\/secura.se\/ta-bort-dalig-lukt-i-skap\/#breadcrumb\"},\"inLanguage\":\"en-US\",\"potentialAction\":[{\"@type\":\"ReadAction\",\"target\":[\"https:\/\/secura.se\/ta-bort-dalig-lukt-i-skap\/\"]}]},{\"@type\":\"BreadcrumbList\",\"@id\":\"https:\/\/secura.se\/ta-bort-dalig-lukt-i-skap\/#breadcrumb\",\"itemListElement\":[{\"@type\":\"ListItem\",\"position\":1,\"name\":\"Hem\",\"item\":\"https:\/\/secura.se\/en\/\"},{\"@type\":\"ListItem\",\"position\":2,\"name\":\"Ta bort d\u00e5lig lukt i sk\u00e5p \u2013 3 tips!\"}]},{\"@type\":\"WebSite\",\"@id\":\"https:\/\/secura.se\/#website\",\"url\":\"https:\/\/secura.se\/\",\"name\":\"Secura\",\"description\":\"Vi tillverkar och s\u00e4ljer klassade kassask\u00e5p som \u00f6kar s\u00e4kerheten p\u00e5 arbetsplatser, i hem och i butik.\",\"potentialAction\":[{\"@type\":\"SearchAction\",\"target\":{\"@type\":\"EntryPoint\",\"urlTemplate\":\"https:\/\/secura.se\/?s={search_term_string}\"},\"query-input\":{\"@type\":\"PropertyValueSpecification\",\"valueRequired\":true,\"valueName\":\"search_term_string\"}}],\"inLanguage\":\"en-US\"}]}<\/script>\n<!-- \/ Yoast SEO plugin. -->","yoast_head_json":{"title":"Ta bort d\u00e5lig lukt i sk\u00e5p \u2013 3 tips! | Secura","description":"Illaluktande sk\u00e5p och garderober \u00e4r inget som passar i varken hem eller f\u00f6retag idag. H\u00e4r \u00e4r tre tips du beh\u00f6ver veta f\u00f6r att ta bort d\u00e5lig lukt i sk\u00e5p!","robots":{"index":"index","follow":"follow","max-snippet":"max-snippet:-1","max-image-preview":"max-image-preview:large","max-video-preview":"max-video-preview:-1"},"canonical":"https:\/\/secura.se\/ta-bort-dalig-lukt-i-skap\/","og_locale":"en_US","og_type":"article","og_title":"Ta bort d\u00e5lig lukt i sk\u00e5p \u2013 3 tips! | Secura","og_description":"Illaluktande sk\u00e5p och garderober \u00e4r inget som passar i varken hem eller f\u00f6retag idag. H\u00e4r \u00e4r tre tips du beh\u00f6ver veta f\u00f6r att ta bort d\u00e5lig lukt i sk\u00e5p!","og_url":"https:\/\/secura.se\/ta-bort-dalig-lukt-i-skap\/","og_site_name":"Secura","og_image":[{"width":1200,"height":630,"url":"https:\/\/secura.se\/wp-content\/uploads\/2024\/02\/share-image-secura.png","type":"image\/png"}],"twitter_card":"summary_large_image","schema":{"@context":"https:\/\/schema.org","@graph":[{"@type":"WebPage","@id":"https:\/\/secura.se\/ta-bort-dalig-lukt-i-skap\/","url":"https:\/\/secura.se\/ta-bort-dalig-lukt-i-skap\/","name":"Ta bort d\u00e5lig lukt i sk\u00e5p \u2013 3 tips! | Secura","isPartOf":{"@id":"https:\/\/secura.se\/#website"},"datePublished":"2020-01-30T10:11:45+00:00","description":"Illaluktande sk\u00e5p och garderober \u00e4r inget som passar i varken hem eller f\u00f6retag idag. H\u00e4r \u00e4r tre tips du beh\u00f6ver veta f\u00f6r att ta bort d\u00e5lig lukt i sk\u00e5p!","breadcrumb":{"@id":"https:\/\/secura.se\/ta-bort-dalig-lukt-i-skap\/#breadcrumb"},"inLanguage":"en-US","potentialAction":[{"@type":"ReadAction","target":["https:\/\/secura.se\/ta-bort-dalig-lukt-i-skap\/"]}]},{"@type":"BreadcrumbList","@id":"https:\/\/secura.se\/ta-bort-dalig-lukt-i-skap\/#breadcrumb","itemListElement":[{"@type":"ListItem","position":1,"name":"Hem","item":"https:\/\/secura.se\/en\/"},{"@type":"ListItem","position":2,"name":"Ta bort d\u00e5lig lukt i sk\u00e5p \u2013 3 tips!"}]},{"@type":"WebSite","@id":"https:\/\/secura.se\/#website","url":"https:\/\/secura.se\/","name":"Secura","description":"Vi tillverkar och s\u00e4ljer klassade kassask\u00e5p som \u00f6kar s\u00e4kerheten p\u00e5 arbetsplatser, i hem och i butik.","potentialAction":[{"@type":"SearchAction","target":{"@type":"EntryPoint","urlTemplate":"https:\/\/secura.se\/?s={search_term_string}"},"query-input":{"@type":"PropertyValueSpecification","valueRequired":true,"valueName":"search_term_string"}}],"inLanguage":"en-US"}]}},"_links":{"self":[{"href":"https:\/\/secura.se\/en\/wp-json\/wp\/v2\/pages\/6947","targetHints":{"allow":["GET"]}}],"collection":[{"href":"https:\/\/secura.se\/en\/wp-json\/wp\/v2\/pages"}],"about":[{"href":"https:\/\/secura.se\/en\/wp-json\/wp\/v2\/types\/page"}],"author":[{"embeddable":true,"href":"https:\/\/secura.se\/en\/wp-json\/wp\/v2\/users\/1"}],"replies":[{"embeddable":true,"href":"https:\/\/secura.se\/en\/wp-json\/wp\/v2\/comments?post=6947"}],"version-history":[{"count":0,"href":"https:\/\/secura.se\/en\/wp-json\/wp\/v2\/pages\/6947\/revisions"}],"wp:attachment":[{"href":"https:\/\/secura.se\/en\/wp-json\/wp\/v2\/media?parent=6947"}],"curies":[{"name":"wp","href":"https:\/\/api.w.org\/{rel}","templated":true}]}}